{"id":1177,"date":"2020-08-03T23:49:09","date_gmt":"2020-08-03T21:49:09","guid":{"rendered":"https:\/\/asesoriainfinity.com\/?page_id=1177"},"modified":"2020-08-03T23:53:12","modified_gmt":"2020-08-03T21:53:12","slug":"politica-de-privacidad","status":"publish","type":"page","link":"https:\/\/asesoriainfinity.com\/es\/politica-de-privacidad\/","title":{"rendered":"Pol\u00edtica de privacidad"},"content":{"rendered":"\t\t<div data-elementor-type=\"wp-page\" data-elementor-id=\"1177\" class=\"elementor elementor-1177 elementor-1020\">\n\t\t\t\t\t\t<section class=\"elementor-section elementor-top-section elementor-element elementor-element-7594ca84 elementor-section-boxed elementor-section-height-default elementor-section-height-default\" data-id=\"7594ca84\" data-element_type=\"section\" data-e-type=\"section\">\n\t\t\t\t\t\t<div class=\"elementor-container elementor-column-gap-default\">\n\t\t\t\t\t<div class=\"elementor-column elementor-col-100 elementor-top-column elementor-element elementor-element-49e9c2bc\" data-id=\"49e9c2bc\" data-element_type=\"column\" data-e-type=\"column\">\n\t\t\t<div class=\"elementor-widget-wrap elementor-element-populated\">\n\t\t\t\t\t\t<div class=\"elementor-element elementor-element-359e5078 elementor-widget elementor-widget-text-editor\" data-id=\"359e5078\" data-element_type=\"widget\" data-e-type=\"widget\" data-widget_type=\"text-editor.default\">\n\t\t\t\t<div class=\"elementor-widget-container\">\n\t\t\t\t\t\t\t\t\t\n<h2 class=\"wp-block-heading\">Qui\u00e9nes somos<\/h2>\n<h2><\/h2>\nLa direcci\u00f3n de nuestra web es: <a href=\"https:\/\/asesoriainfinity.com\/\">https:\/\/asesoriainfinity.com\/.<\/a>\n<h2><\/h2>\n<h2><\/h2>\n<h2 class=\"wp-block-heading\">Qu\u00e9 datos personales recogemos y por qu\u00e9 los recogemos<\/h2>\n<h2><\/h2>\n<h2><\/h2>\n<h3 class=\"wp-block-heading\">Comentarios<\/h3>\n<h2><\/h2>\nCuando los visitantes dejan comentarios en la web, recopilamos los datos que se muestran en el formulario de comentarios, as\u00ed como la direcci\u00f3n IP del visitante y la cadena de agentes de usuario del navegador para ayudar a la detecci\u00f3n de spam.\n<h2><\/h2>\nUna cadena an\u00f3nima creada a partir de tu direcci\u00f3n de correo electr\u00f3nico (tambi\u00e9n llamada hash) puede ser proporcionada al servicio de Gravatar para ver si la est\u00e1s usando. La pol\u00edtica de privacidad del servicio Gravatar est\u00e1 disponible aqu\u00ed: https:\/\/automattic.com\/privacy\/. Despu\u00e9s de la aprobaci\u00f3n de tu comentario, la imagen de tu perfil es visible para el p\u00fablico en el contexto de su comentario.\n<h2><\/h2>\n<h2><\/h2>\n<h3 class=\"wp-block-heading\">Medios<\/h3>\n<h2><\/h2>\nSi subes im\u00e1genes a la web deber\u00edas evitar subir im\u00e1genes con datos de ubicaci\u00f3n (GPS EXIF) incluidos. Los visitantes de la web pueden descargar y extraer cualquier dato de localizaci\u00f3n de las im\u00e1genes de la web.\n<h2><\/h2>\n<h2><\/h2>\n<h3 class=\"wp-block-heading\">Formularios de contacto<\/h3>\n<h2><\/h2>\n<h2><\/h2>\n<h3 class=\"wp-block-heading\">Cookies<\/h3>\n<h2><\/h2>\nEn la web <a href=\"https:\/\/asesoriainfinity.com\/\">https:\/\/asesoriainfinity.com\/<\/a> utilizamos cookies para facilitar la relaci\u00f3n de los visitantes con nuestro contenido y para permitir elaborar estad\u00edsticas sobre las visitantes que recibimos.\n\nEn cumplimiento de la Directiva 2009\/136\/CE, desarrollada en nuestro ordenamiento por el apartado segundo del art\u00edculo 22 de la Ley de Servicios de Sociedad de la Informaci\u00f3n, siguiendo las directrices de la Agencia Espa\u00f1ola de Protecci\u00f3n de Datos, procedemos a informarle detalladamente del uso que se realiza en nuestra web.\n\nSe denominan cookies a unos peque\u00f1os archivos que se graban en el navegador utilizado por cada visitante de nuestra web para que el servidor pueda recordar la visita de ese usuario con posterioridad cuando vuelva a acceder a nuestros contenidos. Esta informaci\u00f3n no revela su identidad, ni dato personal alguno, ni accede al contenido almacenado en su pc, pero s\u00ed que permite a nuestro sistema identificarle a usted como un usuario determinado que ya visit\u00f3 la web con anterioridad, visualiz\u00f3 determinadas p\u00e1ginas, etc. y adem\u00e1s permite guardar sus preferencias personales e informaci\u00f3n t\u00e9cnica como por ejemplo las visitas realizadas o p\u00e1ginas concretas que visite.\n\nLa finalidad de las cookies es la de facilitar al Usuario un acceso m\u00e1s r\u00e1pido a los Servicios seleccionados.\n\nSi usted no desea que se guarden cookies en su navegador o prefiere recibir una informaci\u00f3n cada vez que una cookie solicite instalarse, puede configurar sus opciones de navegaci\u00f3n para que se haga de esa forma. La mayor parte de los navegadores permiten la gesti\u00f3n de las cookies de 3 formas diferentes:\n<ul>\n \t<li>Las cookies son siempre rechazadas;<\/li>\n \t<li>El navegador pregunta si el usuario desea instalar cada cookie;<\/li>\n \t<li>Las cookies son siempre aceptadas;<\/li>\n<\/ul>\nSu navegador tambi\u00e9n puede incluir la posibilidad de seleccionar con detalle las cookies que desea que se instalen en su ordenador. En concreto, el usuario puede normalmente aceptar alguna de las siguientes opciones:\n<ul>\n \t<li>rechazar las cookies de determinados dominios;<\/li>\n \t<li>rechazar las cookies de terceros;<\/li>\n \t<li>aceptar cookies como no persistentes (se eliminan cuando el navegador se cierra);<\/li>\n \t<li>permitir al servidor crear cookies para un dominio diferente.<\/li>\n<\/ul>\n<strong>Para permitir, conocer, bloquear o eliminar las cookies instaladas en su equipo puede hacerlo mediante la configuraci\u00f3n de las opciones del navegador instalado en su ordenador.<\/strong>\n\nPuede encontrar informaci\u00f3n sobre c\u00f3mo configurar los navegadores m\u00e1s usados en las siguientes ubicaciones:\n<ul>\n \t<li><strong>Internet Explorer<\/strong>: Herramientas -&gt; Opciones de Internet\u00a0-&gt; Privacidad\u00a0-&gt; Configuraci\u00f3n. Para m\u00e1s informaci\u00f3n, puede consultar el\u00a0<a href=\"http:\/\/windows.microsoft.com\/es-ES\/windows\/support\">soporte de Microsoft<\/a>\u00a0o la Ayuda del navegador.<\/li>\n \t<li><strong>Firefox<\/strong>: Herramientas\u00a0-&gt; Opciones\u00a0-&gt; Privacidad\u00a0-&gt; Historial\u00a0-&gt; Configuraci\u00f3n Personalizada. Para m\u00e1s informaci\u00f3n, puede consultar el\u00a0<a href=\"http:\/\/support.mozilla.org\/es\/home\">soporte de Mozilla<\/a>\u00a0o la Ayuda del navegador.<\/li>\n \t<li><strong>Chrome<\/strong>: Configuraci\u00f3n\u00a0-&gt; Mostrar opciones avanzadas\u00a0-&gt; Privacidad\u00a0-&gt; Configuraci\u00f3n de contenido. Para m\u00e1s informaci\u00f3n, puede consultar el\u00a0<a href=\"http:\/\/support.google.com\/chrome\/?hl=es\">soporte de Google<\/a>\u00a0o la Ayuda del navegador.<\/li>\n \t<li><strong>Safari<\/strong>: Preferencias\u00a0-&gt; Seguridad. Para m\u00e1s informaci\u00f3n, puede consultar el\u00a0<a href=\"http:\/\/www.apple.com\/es\/support\/safari\/\">soporte de Apple<\/a>\u00a0o la Ayuda del navegador.<\/li>\n<\/ul>\nRespecto de las cookies de terceros, es decir aquellas que son ajenas a nuestro sitio web, no podemos hacernos responsables del contenido y veracidad de las pol\u00edticas de privacidad que ellos incluyen por lo que la informaci\u00f3n que le ofrecemos es siempre con referencia a la fuente.\n\n<span style=\"font-size: 1em;\"> Cuando se produzcan cambios significativos en esta Pol\u00edtica de Cookies, se comunicar\u00e1n a los Usuarios bien mediante la web o a trav\u00e9s de correo electr\u00f3nico a los Usuarios registrados.\u00a0<\/span>Se puede modificar esta Pol\u00edtica de Cookies en funci\u00f3n de exigencias legislativas, reglamentarias, o con la finalidad de adaptar dicha pol\u00edtica a las instrucciones dictadas por la Agencia Espa\u00f1ola de Protecci\u00f3n de Datos, por ello se aconseja a los Usuarios que la visiten peri\u00f3dicamente.\n<h2><\/h2>\n<h2><\/h2>\n<h3 class=\"wp-block-heading\">Contenido incrustado de otros sitios web<\/h3>\n<h2><\/h2>\nLos art\u00edculos de este sitio pueden incluir contenido incrustado (por ejemplo, v\u00eddeos, im\u00e1genes, art\u00edculos, etc.). El contenido incrustado de otras web se comporta exactamente de la misma manera que si el visitante hubiera visitado la otra web.\n<h2><\/h2>\nEstas web pueden recopilar datos sobre ti, utilizar cookies, incrustar un seguimiento adicional de terceros, y supervisar tu interacci\u00f3n con ese contenido incrustado, incluido el seguimiento de tu interacci\u00f3n con el contenido incrustado si tienes una cuenta y est\u00e1s conectado a esa web.\n<h2><\/h2>\n<h2><\/h2>\n<h3 class=\"wp-block-heading\">Anal\u00edtica<\/h3>\n<h2><\/h2>\n<h2><\/h2>\n<h2 class=\"wp-block-heading\">Con qui\u00e9n compartimos tus datos<\/h2>\n<h2><\/h2>\n<h2><\/h2>\n<h2 class=\"wp-block-heading\">Cu\u00e1nto tiempo conservamos tus datos<\/h2>\n<h2><\/h2>\nSi dejas un comentario, el comentario y sus metadatos se conservan indefinidamente. Esto es para que podamos reconocer y aprobar comentarios sucesivos autom\u00e1ticamente en lugar de mantenerlos en una cola de moderaci\u00f3n.\n<h2><\/h2>\nDe los usuarios que se registran en nuestra web (si los hay), tambi\u00e9n almacenamos la informaci\u00f3n personal que proporcionan en su perfil de usuario. Todos los usuarios pueden ver, editar o eliminar su informaci\u00f3n personal en cualquier momento (excepto que no pueden cambiar su nombre de usuario). Los administradores de la web tambi\u00e9n pueden ver y editar esa informaci\u00f3n.\n<h2><\/h2>\n<h2><\/h2>\n<h2 class=\"wp-block-heading\">Qu\u00e9 derechos tienes sobre tus datos<\/h2>\n<h2><\/h2>\nSi tienes una cuenta o has dejado comentarios en esta web, puedes solicitar recibir un archivo de exportaci\u00f3n de los datos personales que tenemos sobre ti, incluyendo cualquier dato que nos hayas proporcionado. Tambi\u00e9n puedes solicitar que eliminemos cualquier dato personal que tengamos sobre ti. Esto no incluye ning\u00fan dato que estemos obligados a conservar con fines administrativos, legales o de seguridad.\n<h2><\/h2>\n<h2><\/h2>\n<h2 class=\"wp-block-heading\">D\u00f3nde enviamos tus datos<\/h2>\n<h2><\/h2>\nLos comentarios de los visitantes puede que los revise un servicio de detecci\u00f3n autom\u00e1tica de spam.\n<h2><\/h2>\n<h2><\/h2>\n<h2 class=\"wp-block-heading\">Tu informaci\u00f3n de contacto<\/h2>\n<h2><\/h2>\n<h2><\/h2>\n<h2 class=\"wp-block-heading\">Informaci\u00f3n adicional<\/h2>\n<h2><\/h2>\n<h2><\/h2>\n<h3 class=\"wp-block-heading\">C\u00f3mo protegemos tus datos<\/h3>\n<h2><\/h2>\n<h2><\/h2>\n<h3 class=\"wp-block-heading\">Qu\u00e9 procedimientos utilizamos contra las brechas de datos<\/h3>\n<h2><\/h2>\n<h2><\/h2>\n<h3 class=\"wp-block-heading\">De qu\u00e9 terceros recibimos datos<\/h3>\n<h2><\/h2>\n<h2><\/h2>\n<h3 class=\"wp-block-heading\">Qu\u00e9 tipo de toma de decisiones automatizada y\/o perfilado hacemos con los datos del usuario<\/h3>\n<h2><\/h2>\n<h2><\/h2>\n<h3 class=\"wp-block-heading\">Requerimientos regulatorios de revelaci\u00f3n de informaci\u00f3n del sector<\/h3>\n\t\t\t\t\t\t\t\t<\/div>\n\t\t\t\t<\/div>\n\t\t\t\t\t<\/div>\n\t\t<\/div>\n\t\t\t\t\t<\/div>\n\t\t<\/section>\n\t\t\t\t<\/div>\n\t\t","protected":false},"excerpt":{"rendered":"<p>Qui\u00e9nes somos La direcci\u00f3n de nuestra web es: https:\/\/asesoriainfinity.com\/. Qu\u00e9 datos personales recogemos y por qu\u00e9 los recogemos Comentarios Cuando los visitantes dejan comentarios en la web, recopilamos los datos que se muestran en el formulario de comentarios, as\u00ed como la direcci\u00f3n IP del visitante y la cadena de agentes de usuario del navegador para [&hellip;]<\/p>\n","protected":false},"author":1,"featured_media":0,"parent":0,"menu_order":0,"comment_status":"closed","ping_status":"closed","template":"","meta":{"site-sidebar-layout":"default","site-content-layout":"default","ast-site-content-layout":"default","site-content-style":"default","site-sidebar-style":"default","ast-global-header-display":"","ast-banner-title-visibility":"","ast-main-header-display":"","ast-hfb-above-header-display":"","ast-hfb-below-header-display":"","ast-hfb-mobile-header-display":"","site-post-title":"","ast-breadcrumbs-content":"","ast-featured-img":"","footer-sml-layout":"","ast-disable-related-posts":"","theme-transparent-header-meta":"default","adv-header-id-meta":"","stick-header-meta":"","header-above-stick-meta":"","header-main-stick-meta":"","header-below-stick-meta":"","astra-migrate-meta-layouts":"default","ast-page-background-enabled":"default","ast-page-background-meta":{"desktop":{"background-color":"","background-image":"","background-repeat":"repeat","background-position":"center center","background-size":"auto","background-attachment":"scroll","background-type":"","background-media":"","overlay-type":"","overlay-color":"","overlay-opacity":"","overlay-gradient":""},"tablet":{"background-color":"","background-image":"","background-repeat":"repeat","background-position":"center center","background-size":"auto","background-attachment":"scroll","background-type":"","background-media":"","overlay-type":"","overlay-color":"","overlay-opacity":"","overlay-gradient":""},"mobile":{"background-color":"","background-image":"","background-repeat":"repeat","background-position":"center center","background-size":"auto","background-attachment":"scroll","background-type":"","background-media":"","overlay-type":"","overlay-color":"","overlay-opacity":"","overlay-gradient":""}},"ast-content-background-meta":{"desktop":{"background-color":"var(--ast-global-color-5)","background-image":"","background-repeat":"repeat","background-position":"center center","background-size":"auto","background-attachment":"scroll","background-type":"","background-media":"","overlay-type":"","overlay-color":"","overlay-opacity":"","overlay-gradient":""},"tablet":{"background-color":"var(--ast-global-color-5)","background-image":"","background-repeat":"repeat","background-position":"center center","background-size":"auto","background-attachment":"scroll","background-type":"","background-media":"","overlay-type":"","overlay-color":"","overlay-opacity":"","overlay-gradient":""},"mobile":{"background-color":"var(--ast-global-color-5)","background-image":"","background-repeat":"repeat","background-position":"center center","background-size":"auto","background-attachment":"scroll","background-type":"","background-media":"","overlay-type":"","overlay-color":"","overlay-opacity":"","overlay-gradient":""}},"footnotes":""},"class_list":["post-1177","page","type-page","status-publish","hentry"],"yoast_head":"<!-- This site is optimized with the Yoast SEO plugin v27.5 - https:\/\/yoast.com\/product\/yoast-seo-wordpress\/ -->\n<title>Pol\u00edtica de privacidad - Asesoria Infinity<\/title>\n<meta name=\"robots\" content=\"index, follow, max-snippet:-1, max-image-preview:large, max-video-preview:-1\" \/>\n<link rel=\"canonical\" href=\"https:\/\/asesoriainfinity.com\/es\/politica-de-privacidad\/\" \/>\n<meta property=\"og:locale\" content=\"es_ES\" \/>\n<meta property=\"og:type\" content=\"article\" \/>\n<meta property=\"og:title\" content=\"Pol\u00edtica de privacidad - Asesoria Infinity\" \/>\n<meta property=\"og:description\" content=\"Qui\u00e9nes somos La direcci\u00f3n de nuestra web es: https:\/\/asesoriainfinity.com\/. Qu\u00e9 datos personales recogemos y por qu\u00e9 los recogemos Comentarios Cuando los visitantes dejan comentarios en la web, recopilamos los datos que se muestran en el formulario de comentarios, as\u00ed como la direcci\u00f3n IP del visitante y la cadena de agentes de usuario del navegador para [&hellip;]\" \/>\n<meta property=\"og:url\" content=\"https:\/\/asesoriainfinity.com\/es\/politica-de-privacidad\/\" \/>\n<meta property=\"og:site_name\" content=\"Asesoria Infinity\" \/>\n<meta property=\"article:publisher\" content=\"https:\/\/www.facebook.com\/ASESORIAINFINITY\/\" \/>\n<meta property=\"article:modified_time\" content=\"2020-08-03T21:53:12+00:00\" \/>\n<meta property=\"og:image\" content=\"https:\/\/asesoriainfinity.com\/wp-content\/uploads\/2021\/11\/asesoria-infinity-fb-2021.jpg\" \/>\n\t<meta property=\"og:image:width\" content=\"1200\" \/>\n\t<meta property=\"og:image:height\" content=\"630\" \/>\n\t<meta property=\"og:image:type\" content=\"image\/jpeg\" \/>\n<meta name=\"twitter:card\" content=\"summary_large_image\" \/>\n<meta name=\"twitter:label1\" content=\"Tiempo de lectura\" \/>\n\t<meta name=\"twitter:data1\" content=\"6 minutos\" \/>\n<script type=\"application\/ld+json\" class=\"yoast-schema-graph\">{\"@context\":\"https:\\\/\\\/schema.org\",\"@graph\":[{\"@type\":\"WebPage\",\"@id\":\"https:\\\/\\\/asesoriainfinity.com\\\/es\\\/politica-de-privacidad\\\/\",\"url\":\"https:\\\/\\\/asesoriainfinity.com\\\/es\\\/politica-de-privacidad\\\/\",\"name\":\"Pol\u00edtica de privacidad - Asesoria Infinity\",\"isPartOf\":{\"@id\":\"https:\\\/\\\/asesoriainfinity.com\\\/es\\\/#website\"},\"datePublished\":\"2020-08-03T21:49:09+00:00\",\"dateModified\":\"2020-08-03T21:53:12+00:00\",\"breadcrumb\":{\"@id\":\"https:\\\/\\\/asesoriainfinity.com\\\/es\\\/politica-de-privacidad\\\/#breadcrumb\"},\"inLanguage\":\"es\",\"potentialAction\":[{\"@type\":\"ReadAction\",\"target\":[\"https:\\\/\\\/asesoriainfinity.com\\\/es\\\/politica-de-privacidad\\\/\"]}]},{\"@type\":\"BreadcrumbList\",\"@id\":\"https:\\\/\\\/asesoriainfinity.com\\\/es\\\/politica-de-privacidad\\\/#breadcrumb\",\"itemListElement\":[{\"@type\":\"ListItem\",\"position\":1,\"name\":\"Home\",\"item\":\"https:\\\/\\\/asesoriainfinity.com\\\/es\\\/\"},{\"@type\":\"ListItem\",\"position\":2,\"name\":\"Pol\u00edtica de privacidad\"}]},{\"@type\":\"WebSite\",\"@id\":\"https:\\\/\\\/asesoriainfinity.com\\\/es\\\/#website\",\"url\":\"https:\\\/\\\/asesoriainfinity.com\\\/es\\\/\",\"name\":\"Asesoria Infinity\",\"description\":\"Asesor\u00eda Fiscal, Laboral y Contable\",\"publisher\":{\"@id\":\"https:\\\/\\\/asesoriainfinity.com\\\/es\\\/#organization\"},\"potentialAction\":[{\"@type\":\"SearchAction\",\"target\":{\"@type\":\"EntryPoint\",\"urlTemplate\":\"https:\\\/\\\/asesoriainfinity.com\\\/es\\\/?s={search_term_string}\"},\"query-input\":{\"@type\":\"PropertyValueSpecification\",\"valueRequired\":true,\"valueName\":\"search_term_string\"}}],\"inLanguage\":\"es\"},{\"@type\":\"Organization\",\"@id\":\"https:\\\/\\\/asesoriainfinity.com\\\/es\\\/#organization\",\"name\":\"Asesor\u00eda Infinity\",\"url\":\"https:\\\/\\\/asesoriainfinity.com\\\/es\\\/\",\"logo\":{\"@type\":\"ImageObject\",\"inLanguage\":\"es\",\"@id\":\"https:\\\/\\\/asesoriainfinity.com\\\/es\\\/#\\\/schema\\\/logo\\\/image\\\/\",\"url\":\"https:\\\/\\\/asesoriainfinity.com\\\/wp-content\\\/uploads\\\/2020\\\/04\\\/Asesoria-Infintiy-mainlogo.png\",\"contentUrl\":\"https:\\\/\\\/asesoriainfinity.com\\\/wp-content\\\/uploads\\\/2020\\\/04\\\/Asesoria-Infintiy-mainlogo.png\",\"width\":400,\"height\":290,\"caption\":\"Asesor\u00eda Infinity\"},\"image\":{\"@id\":\"https:\\\/\\\/asesoriainfinity.com\\\/es\\\/#\\\/schema\\\/logo\\\/image\\\/\"},\"sameAs\":[\"https:\\\/\\\/www.facebook.com\\\/ASESORIAINFINITY\\\/\"]}]}<\/script>\n<!-- \/ Yoast SEO plugin. -->","yoast_head_json":{"title":"Pol\u00edtica de privacidad - Asesoria Infinity","robots":{"index":"index","follow":"follow","max-snippet":"max-snippet:-1","max-image-preview":"max-image-preview:large","max-video-preview":"max-video-preview:-1"},"canonical":"https:\/\/asesoriainfinity.com\/es\/politica-de-privacidad\/","og_locale":"es_ES","og_type":"article","og_title":"Pol\u00edtica de privacidad - Asesoria Infinity","og_description":"Qui\u00e9nes somos La direcci\u00f3n de nuestra web es: https:\/\/asesoriainfinity.com\/. Qu\u00e9 datos personales recogemos y por qu\u00e9 los recogemos Comentarios Cuando los visitantes dejan comentarios en la web, recopilamos los datos que se muestran en el formulario de comentarios, as\u00ed como la direcci\u00f3n IP del visitante y la cadena de agentes de usuario del navegador para [&hellip;]","og_url":"https:\/\/asesoriainfinity.com\/es\/politica-de-privacidad\/","og_site_name":"Asesoria Infinity","article_publisher":"https:\/\/www.facebook.com\/ASESORIAINFINITY\/","article_modified_time":"2020-08-03T21:53:12+00:00","og_image":[{"width":1200,"height":630,"url":"https:\/\/asesoriainfinity.com\/wp-content\/uploads\/2021\/11\/asesoria-infinity-fb-2021.jpg","type":"image\/jpeg"}],"twitter_card":"summary_large_image","twitter_misc":{"Tiempo de lectura":"6 minutos"},"schema":{"@context":"https:\/\/schema.org","@graph":[{"@type":"WebPage","@id":"https:\/\/asesoriainfinity.com\/es\/politica-de-privacidad\/","url":"https:\/\/asesoriainfinity.com\/es\/politica-de-privacidad\/","name":"Pol\u00edtica de privacidad - Asesoria Infinity","isPartOf":{"@id":"https:\/\/asesoriainfinity.com\/es\/#website"},"datePublished":"2020-08-03T21:49:09+00:00","dateModified":"2020-08-03T21:53:12+00:00","breadcrumb":{"@id":"https:\/\/asesoriainfinity.com\/es\/politica-de-privacidad\/#breadcrumb"},"inLanguage":"es","potentialAction":[{"@type":"ReadAction","target":["https:\/\/asesoriainfinity.com\/es\/politica-de-privacidad\/"]}]},{"@type":"BreadcrumbList","@id":"https:\/\/asesoriainfinity.com\/es\/politica-de-privacidad\/#breadcrumb","itemListElement":[{"@type":"ListItem","position":1,"name":"Home","item":"https:\/\/asesoriainfinity.com\/es\/"},{"@type":"ListItem","position":2,"name":"Pol\u00edtica de privacidad"}]},{"@type":"WebSite","@id":"https:\/\/asesoriainfinity.com\/es\/#website","url":"https:\/\/asesoriainfinity.com\/es\/","name":"Asesoria Infinity","description":"Asesor\u00eda Fiscal, Laboral y Contable","publisher":{"@id":"https:\/\/asesoriainfinity.com\/es\/#organization"},"potentialAction":[{"@type":"SearchAction","target":{"@type":"EntryPoint","urlTemplate":"https:\/\/asesoriainfinity.com\/es\/?s={search_term_string}"},"query-input":{"@type":"PropertyValueSpecification","valueRequired":true,"valueName":"search_term_string"}}],"inLanguage":"es"},{"@type":"Organization","@id":"https:\/\/asesoriainfinity.com\/es\/#organization","name":"Asesor\u00eda Infinity","url":"https:\/\/asesoriainfinity.com\/es\/","logo":{"@type":"ImageObject","inLanguage":"es","@id":"https:\/\/asesoriainfinity.com\/es\/#\/schema\/logo\/image\/","url":"https:\/\/asesoriainfinity.com\/wp-content\/uploads\/2020\/04\/Asesoria-Infintiy-mainlogo.png","contentUrl":"https:\/\/asesoriainfinity.com\/wp-content\/uploads\/2020\/04\/Asesoria-Infintiy-mainlogo.png","width":400,"height":290,"caption":"Asesor\u00eda Infinity"},"image":{"@id":"https:\/\/asesoriainfinity.com\/es\/#\/schema\/logo\/image\/"},"sameAs":["https:\/\/www.facebook.com\/ASESORIAINFINITY\/"]}]}},"_links":{"self":[{"href":"https:\/\/asesoriainfinity.com\/es\/wp-json\/wp\/v2\/pages\/1177","targetHints":{"allow":["GET"]}}],"collection":[{"href":"https:\/\/asesoriainfinity.com\/es\/wp-json\/wp\/v2\/pages"}],"about":[{"href":"https:\/\/asesoriainfinity.com\/es\/wp-json\/wp\/v2\/types\/page"}],"author":[{"embeddable":true,"href":"https:\/\/asesoriainfinity.com\/es\/wp-json\/wp\/v2\/users\/1"}],"replies":[{"embeddable":true,"href":"https:\/\/asesoriainfinity.com\/es\/wp-json\/wp\/v2\/comments?post=1177"}],"version-history":[{"count":0,"href":"https:\/\/asesoriainfinity.com\/es\/wp-json\/wp\/v2\/pages\/1177\/revisions"}],"wp:attachment":[{"href":"https:\/\/asesoriainfinity.com\/es\/wp-json\/wp\/v2\/media?parent=1177"}],"curies":[{"name":"wp","href":"https:\/\/api.w.org\/{rel}","templated":true}]}}